{"id":71,"date":"2023-02-15T08:26:20","date_gmt":"2023-02-15T08:26:20","guid":{"rendered":"http:\/\/3.76.214.101\/?page_id=71"},"modified":"2023-10-29T08:36:20","modified_gmt":"2023-10-29T08:36:20","slug":"arbeitsweise","status":"publish","type":"page","link":"https:\/\/www.marina-anton.art\/en\/arbeitsweise\/","title":{"rendered":"Biography"},"content":{"rendered":"<div class=\"wp-block-columns alignfull is-layout-flex wp-container-4 wp-block-columns-is-layout-flex\">\n<div class=\"wp-block-column is-layout-flow wp-block-column-is-layout-flow\" style=\"flex-basis:50%\">\n<div class=\"wp-block-cover is-light\" style=\"min-height:600px\"><span aria-hidden=\"true\" class=\"wp-block-cover__background has-background-dim-100 has-background-dim\" style=\"background-color:#f6f6f6\"><\/span><div class=\"wp-block-cover__inner-container is-layout-flow wp-block-cover-is-layout-flow\">\n<figure class=\"wp-block-image aligncenter size-large is-resized\"><img decoding=\"async\" loading=\"lazy\" width=\"683\" height=\"1024\" src=\"http:\/\/www.marina-anton.art\/wp-content\/uploads\/2023\/09\/IMG_7439-683x1024.jpg\" alt=\"\" class=\"wp-image-417\" style=\"width:395px;height:592px\" srcset=\"https:\/\/www.marina-anton.art\/wp-content\/uploads\/2023\/09\/IMG_7439-683x1024.jpg 683w, https:\/\/www.marina-anton.art\/wp-content\/uploads\/2023\/09\/IMG_7439-200x300.jpg 200w, https:\/\/www.marina-anton.art\/wp-content\/uploads\/2023\/09\/IMG_7439-768x1152.jpg 768w, https:\/\/www.marina-anton.art\/wp-content\/uploads\/2023\/09\/IMG_7439-1024x1536.jpg 1024w, https:\/\/www.marina-anton.art\/wp-content\/uploads\/2023\/09\/IMG_7439-1365x2048.jpg 1365w, https:\/\/www.marina-anton.art\/wp-content\/uploads\/2023\/09\/IMG_7439-8x12.jpg 8w, https:\/\/www.marina-anton.art\/wp-content\/uploads\/2023\/09\/IMG_7439-scaled.jpg 1707w\" sizes=\"(max-width: 683px) 100vw, 683px\" \/><\/figure>\n<\/div><\/div>\n<\/div>\n\n\n\n<div class=\"wp-block-column is-layout-flow wp-block-column-is-layout-flow\" style=\"flex-basis:66.66%\">\n<div style=\"height:22px\" aria-hidden=\"true\" class=\"wp-block-spacer\"><\/div>\n\n\n\n<figure class=\"wp-block-pullquote\"><blockquote><p>Since 1998 I have been working intensively with oil and acrylic painting in my studio in Zwettl in Lower Austria, and since 2001 I have been taking part in international solo and group exhibitions and trade fairs.<br><br><br>The initially realistic paintings were increasingly followed by abstract and abstract works. This artistic change is reinforced by the use of a strong colour palette, whereby a pastose application of paint is sometimes used to emphasize the depth and intensity of the paintings.<br><br><\/p><\/blockquote><\/figure>\n<\/div>\n<\/div>\n\n\n\n<div class=\"wp-block-columns alignfull is-layout-flex wp-container-8 wp-block-columns-is-layout-flex\">\n<div class=\"wp-block-column is-vertically-aligned-center is-layout-flow wp-block-column-is-layout-flow\" style=\"padding-top:1em;padding-right:1em;padding-bottom:1em;padding-left:1em\">\n<figure class=\"wp-block-pullquote\"><blockquote><p>In my so-called \u201cabstractures\u201d I represent different motifs in a structured manner in an abstract way.<br><br>Light and dark colors are in tension with each other, intensifying light and shadow and thereby emphasizing plasticity.<br><br>The canvas, the original source material, becomes the focus of the work.<\/p><\/blockquote><\/figure>\n<\/div>\n\n\n\n<div class=\"wp-block-column is-layout-flow wp-block-column-is-layout-flow\" style=\"flex-basis:50%\">\n<div style=\"height:18px\" aria-hidden=\"true\" class=\"wp-block-spacer\"><\/div>\n\n\n\n<div class=\"wp-block-cover is-light\" style=\"min-height:671px\"><span aria-hidden=\"true\" class=\"wp-block-cover__background has-background-dim-100 has-background-dim\" style=\"background-color:#f6f6f6\"><\/span><div class=\"wp-block-cover__inner-container is-layout-flow wp-block-cover-is-layout-flow\">\n<figure class=\"wp-block-image aligncenter size-large is-resized\"><img decoding=\"async\" loading=\"lazy\" width=\"768\" height=\"1024\" src=\"http:\/\/www.marina-anton.art\/wp-content\/uploads\/2023\/09\/Ausstellung-Perugia-Italien-768x1024.jpg\" alt=\"\" class=\"wp-image-423\" style=\"width:429px;height:643px\" srcset=\"https:\/\/www.marina-anton.art\/wp-content\/uploads\/2023\/09\/Ausstellung-Perugia-Italien-768x1024.jpg 768w, https:\/\/www.marina-anton.art\/wp-content\/uploads\/2023\/09\/Ausstellung-Perugia-Italien-225x300.jpg 225w, https:\/\/www.marina-anton.art\/wp-content\/uploads\/2023\/09\/Ausstellung-Perugia-Italien-1152x1536.jpg 1152w, https:\/\/www.marina-anton.art\/wp-content\/uploads\/2023\/09\/Ausstellung-Perugia-Italien-1536x2048.jpg 1536w, https:\/\/www.marina-anton.art\/wp-content\/uploads\/2023\/09\/Ausstellung-Perugia-Italien-9x12.jpg 9w, https:\/\/www.marina-anton.art\/wp-content\/uploads\/2023\/09\/Ausstellung-Perugia-Italien-scaled.jpg 1920w\" sizes=\"(max-width: 768px) 100vw, 768px\" \/><\/figure>\n<\/div><\/div>\n<\/div>\n<\/div>","protected":false},"excerpt":{"rendered":"<p>Seit 1998 setze ich mich intensiv mit \u00d6l- und Acrylmalerei in meinem Atelier in Zwettl in Nieder\u00f6sterreich auseinander, seit 2001 nehme ich bei internationalen Einzel- und Gruppenaustellungen sowie bei Messen teil. Auf die anf\u00e4nglich realistische Malerei folgten zunehmend abstrahierte und abstrakte Arbeiten. Dieser k\u00fcnstlerische Wandel wird durch die Verwendung einer kr\u00e4ftigen Farbpalette verst\u00e4rkt, wobei teilweise [&hellip;]<\/p>","protected":false},"author":1,"featured_media":0,"parent":0,"menu_order":0,"comment_status":"closed","ping_status":"closed","template":"","meta":{"ngg_post_thumbnail":0,"footnotes":""},"_links":{"self":[{"href":"https:\/\/www.marina-anton.art\/en\/wp-json\/wp\/v2\/pages\/71"}],"collection":[{"href":"https:\/\/www.marina-anton.art\/en\/wp-json\/wp\/v2\/pages"}],"about":[{"href":"https:\/\/www.marina-anton.art\/en\/wp-json\/wp\/v2\/types\/page"}],"author":[{"embeddable":true,"href":"https:\/\/www.marina-anton.art\/en\/wp-json\/wp\/v2\/users\/1"}],"replies":[{"embeddable":true,"href":"https:\/\/www.marina-anton.art\/en\/wp-json\/wp\/v2\/comments?post=71"}],"version-history":[{"count":37,"href":"https:\/\/www.marina-anton.art\/en\/wp-json\/wp\/v2\/pages\/71\/revisions"}],"predecessor-version":[{"id":688,"href":"https:\/\/www.marina-anton.art\/en\/wp-json\/wp\/v2\/pages\/71\/revisions\/688"}],"wp:attachment":[{"href":"https:\/\/www.marina-anton.art\/en\/wp-json\/wp\/v2\/media?parent=71"}],"curies":[{"name":"wp","href":"https:\/\/api.w.org\/{rel}","templated":true}]}}