{"id":508,"date":"2023-10-12T12:11:46","date_gmt":"2023-10-12T12:11:46","guid":{"rendered":"https:\/\/www.marina-anton.art\/?page_id=508"},"modified":"2023-11-05T09:38:22","modified_gmt":"2023-11-05T09:38:22","slug":"serien","status":"publish","type":"page","link":"https:\/\/www.marina-anton.art\/en\/serien\/","title":{"rendered":""},"content":{"rendered":"<div class=\"wp-block-group alignfull has-background is-vertical is-content-justification-left is-layout-flex wp-container-6 wp-block-group-is-layout-flex\" style=\"background-color:#e8e8e8\">\n<h1 class=\"wp-block-heading alignfull has-text-align-right has-black-color has-text-color\">Series<\/h1>\n\n\n\n<hr class=\"wp-block-separator has-alpha-channel-opacity is-style-wide\"\/>\n\n\n\n<div class=\"wp-block-group is-nowrap is-layout-flex wp-container-4 wp-block-group-is-layout-flex\">\n<div class=\"wp-block-columns is-layout-flex wp-container-3 wp-block-columns-is-layout-flex\">\n<div class=\"wp-block-column is-layout-flow wp-block-column-is-layout-flow\" style=\"flex-basis:66.66%\">\n<div class=\"ngg-galleria-parent nextgen_pro_horizontal_filmstrip\"\n     data-id=\"2afbad0933b111a1da0f70745d4ced1f\"\n     id=\"displayed_gallery_2afbad0933b111a1da0f70745d4ced1f\">\n\t<div class=\"ngg-galleria\"><\/div>\n\n    <div class=\"ngg-galleria-offscreen-seo-wrapper\">\n                    <a href=\"https:\/\/www.marina-anton.art\/wp-content\/gallery\/serien\/Wellenspiel-I.JPG\"\n               title=\"70 x 80 cm  &lt;br \/&gt;   Acryl\"\n               data-src=\"https:\/\/www.marina-anton.art\/wp-content\/gallery\/serien\/Wellenspiel-I.JPG\"\n               data-thumbnail=\"https:\/\/www.marina-anton.art\/wp-content\/gallery\/serien\/thumbs\/thumbs_Wellenspiel-I.JPG\"\n               data-image-id=\"68\"\n               data-title=\"&lt;font size=&quot;+1.8&quot; color=&quot;#000000&quot;&gt;Wellenspiel I&lt;\/font&gt;\"\n               data-description=\"70 x 80 cm  &lt;br \/&gt;   Acryl\"\n                class=\"ngg-simplelightbox\" rel=\"2afbad0933b111a1da0f70745d4ced1f\">\n                <picture>\n\t\n<source srcset='https:\/\/www.marina-anton.art\/wp-content\/gallery\/serien\/Wellenspiel-I.JPG, https:\/\/www.marina-anton.art\/wp-content\/gallery\/serien\/cache\/Wellenspiel-I.JPG-nggid0268-ngg0dyn-2774x2400x100-00f0w010c010r110f110r010t010.JPG 2x' media=''>\n<img title=\"&lt;font size=&quot;+1.8&quot; color=&quot;#000000&quot;&gt;Wellenspiel I&lt;\/font&gt;\" alt=\"&lt;font size=&quot;+1.8&quot; color=&quot;#000000&quot;&gt;Wellenspiel I&lt;\/font&gt;\" width=\"1387\" height=\"1200\" style=\"max-width:1387px;max-height:1200px\" src=\"https:\/\/www.marina-anton.art\/wp-content\/gallery\/serien\/Wellenspiel-I.JPG\" srcset=\"https:\/\/www.marina-anton.art\/wp-content\/gallery\/serien\/Wellenspiel-I.JPG, https:\/\/www.marina-anton.art\/wp-content\/gallery\/serien\/cache\/Wellenspiel-I.JPG-nggid0268-ngg0dyn-2774x2400x100-00f0w010c010r110f110r010t010.JPG 2x\" onerror=\"nggRetryFailedImage(this);\"\/>\n<\/picture>            <\/a>\n                        <a href=\"https:\/\/www.marina-anton.art\/wp-content\/gallery\/serien\/Wellenspiel-II.JPG\"\n               title=\"60 x 40 cm  &lt;br \/&gt;   &Ouml;l\"\n               data-src=\"https:\/\/www.marina-anton.art\/wp-content\/gallery\/serien\/Wellenspiel-II.JPG\"\n               data-thumbnail=\"https:\/\/www.marina-anton.art\/wp-content\/gallery\/serien\/thumbs\/thumbs_Wellenspiel-II.JPG\"\n               data-image-id=\"63\"\n               data-title=\"&lt;font size=&quot;+1.8&quot; color=&quot;#000000&quot;&gt;Wellenspiel II&lt;\/font&gt;\"\n               data-description=\"60 x 40 cm  &lt;br \/&gt;   \u00d6l\"\n                class=\"ngg-simplelightbox\" rel=\"2afbad0933b111a1da0f70745d4ced1f\">\n                <picture>\n\t\n<source srcset='https:\/\/www.marina-anton.art\/wp-content\/gallery\/serien\/Wellenspiel-II.JPG, https:\/\/www.marina-anton.art\/wp-content\/gallery\/serien\/cache\/Wellenspiel-II.JPG-nggid0263-ngg0dyn-1564x2400x100-00f0w010c010r110f110r010t010.JPG 2x' media=''>\n<img title=\"&lt;font size=&quot;+1.8&quot; color=&quot;#000000&quot;&gt;Wellenspiel II&lt;\/font&gt;\" alt=\"&lt;font size=&quot;+1.8&quot; color=&quot;#000000&quot;&gt;Wellenspiel II&lt;\/font&gt;\" width=\"782\" height=\"1200\" style=\"max-width:782px;max-height:1200px\" src=\"https:\/\/www.marina-anton.art\/wp-content\/gallery\/serien\/Wellenspiel-II.JPG\" srcset=\"https:\/\/www.marina-anton.art\/wp-content\/gallery\/serien\/Wellenspiel-II.JPG, https:\/\/www.marina-anton.art\/wp-content\/gallery\/serien\/cache\/Wellenspiel-II.JPG-nggid0263-ngg0dyn-1564x2400x100-00f0w010c010r110f110r010t010.JPG 2x\" onerror=\"nggRetryFailedImage(this);\"\/>\n<\/picture>            <\/a>\n                        <a href=\"https:\/\/www.marina-anton.art\/wp-content\/gallery\/serien\/Wellenspiel-III.JPG\"\n               title=\"80 x 100 cm  &lt;br \/&gt; Acryl auf Alu-Dibond\"\n               data-src=\"https:\/\/www.marina-anton.art\/wp-content\/gallery\/serien\/Wellenspiel-III.JPG\"\n               data-thumbnail=\"https:\/\/www.marina-anton.art\/wp-content\/gallery\/serien\/thumbs\/thumbs_Wellenspiel-III.JPG\"\n               data-image-id=\"64\"\n               data-title=\"&lt;font size=&quot;+1.8&quot; color=&quot;#000000&quot;&gt;Wellenspiel III&lt;\/font&gt;\"\n               data-description=\"80 x 100 cm  &lt;br \/&gt; Acryl auf Alu-Dibond\"\n                class=\"ngg-simplelightbox\" rel=\"2afbad0933b111a1da0f70745d4ced1f\">\n                <picture>\n\t\n<source srcset='https:\/\/www.marina-anton.art\/wp-content\/gallery\/serien\/Wellenspiel-III.JPG, https:\/\/www.marina-anton.art\/wp-content\/gallery\/serien\/cache\/Wellenspiel-III.JPG-nggid0264-ngg0dyn-3090x2400x100-00f0w010c010r110f110r010t010.JPG 2x' media=''>\n<img title=\"&lt;font size=&quot;+1.8&quot; color=&quot;#000000&quot;&gt;Wellenspiel III&lt;\/font&gt;\" alt=\"&lt;font size=&quot;+1.8&quot; color=&quot;#000000&quot;&gt;Wellenspiel III&lt;\/font&gt;\" width=\"1545\" height=\"1200\" style=\"max-width:1545px;max-height:1200px\" src=\"https:\/\/www.marina-anton.art\/wp-content\/gallery\/serien\/Wellenspiel-III.JPG\" srcset=\"https:\/\/www.marina-anton.art\/wp-content\/gallery\/serien\/Wellenspiel-III.JPG, https:\/\/www.marina-anton.art\/wp-content\/gallery\/serien\/cache\/Wellenspiel-III.JPG-nggid0264-ngg0dyn-3090x2400x100-00f0w010c010r110f110r010t010.JPG 2x\" onerror=\"nggRetryFailedImage(this);\"\/>\n<\/picture>            <\/a>\n                        <a href=\"https:\/\/www.marina-anton.art\/wp-content\/gallery\/serien\/Wellenspiel-IV.JPG\"\n               title=\"80 x 100 cm &lt;br \/&gt; Acryl auf Alu-Dibond\"\n               data-src=\"https:\/\/www.marina-anton.art\/wp-content\/gallery\/serien\/Wellenspiel-IV.JPG\"\n               data-thumbnail=\"https:\/\/www.marina-anton.art\/wp-content\/gallery\/serien\/thumbs\/thumbs_Wellenspiel-IV.JPG\"\n               data-image-id=\"73\"\n               data-title=\"&lt;font size=&quot;+1.8&quot; color=&quot;#000000&quot;&gt;Wellenspiel IV&lt;\/font&gt;\"\n               data-description=\"80 x 100 cm &lt;br \/&gt; Acryl auf Alu-Dibond\"\n                class=\"ngg-simplelightbox\" rel=\"2afbad0933b111a1da0f70745d4ced1f\">\n                <picture>\n\t\n<source srcset='https:\/\/www.marina-anton.art\/wp-content\/gallery\/serien\/Wellenspiel-IV.JPG, https:\/\/www.marina-anton.art\/wp-content\/gallery\/serien\/cache\/Wellenspiel-IV.JPG-nggid0273-ngg0dyn-3050x2400x100-00f0w010c010r110f110r010t010.JPG 2x' media=''>\n<img title=\"&lt;font size=&quot;+1.8&quot; color=&quot;#000000&quot;&gt;Wellenspiel IV&lt;\/font&gt;\" alt=\"&lt;font size=&quot;+1.8&quot; color=&quot;#000000&quot;&gt;Wellenspiel IV&lt;\/font&gt;\" width=\"1525\" height=\"1200\" style=\"max-width:1525px;max-height:1200px\" src=\"https:\/\/www.marina-anton.art\/wp-content\/gallery\/serien\/Wellenspiel-IV.JPG\" srcset=\"https:\/\/www.marina-anton.art\/wp-content\/gallery\/serien\/Wellenspiel-IV.JPG, https:\/\/www.marina-anton.art\/wp-content\/gallery\/serien\/cache\/Wellenspiel-IV.JPG-nggid0273-ngg0dyn-3050x2400x100-00f0w010c010r110f110r010t010.JPG 2x\" onerror=\"nggRetryFailedImage(this);\"\/>\n<\/picture>            <\/a>\n                        <a href=\"https:\/\/www.marina-anton.art\/wp-content\/gallery\/serien\/Salsa-I.JPG\"\n               title=\"60 x 40 cm &lt;br \/&gt;   Acryl und Kohle\"\n               data-src=\"https:\/\/www.marina-anton.art\/wp-content\/gallery\/serien\/Salsa-I.JPG\"\n               data-thumbnail=\"https:\/\/www.marina-anton.art\/wp-content\/gallery\/serien\/thumbs\/thumbs_Salsa-I.JPG\"\n               data-image-id=\"60\"\n               data-title=\"&lt;font size=&quot;+1.8&quot; color=&quot;#000000&quot;&gt;Salsa I&lt;\/font&gt;\"\n               data-description=\"60 x 40 cm &lt;br \/&gt;   Acryl und Kohle\"\n                class=\"ngg-simplelightbox\" rel=\"2afbad0933b111a1da0f70745d4ced1f\">\n                <picture>\n\t\n<source srcset='https:\/\/www.marina-anton.art\/wp-content\/gallery\/serien\/Salsa-I.JPG, https:\/\/www.marina-anton.art\/wp-content\/gallery\/serien\/cache\/Salsa-I.JPG-nggid0260-ngg0dyn-1580x2400x100-00f0w010c010r110f110r010t010.JPG 2x' media=''>\n<img title=\"&lt;font size=&quot;+1.8&quot; color=&quot;#000000&quot;&gt;Salsa I&lt;\/font&gt;\" alt=\"&lt;font size=&quot;+1.8&quot; color=&quot;#000000&quot;&gt;Salsa I&lt;\/font&gt;\" width=\"790\" height=\"1200\" style=\"max-width:790px;max-height:1200px\" src=\"https:\/\/www.marina-anton.art\/wp-content\/gallery\/serien\/Salsa-I.JPG\" srcset=\"https:\/\/www.marina-anton.art\/wp-content\/gallery\/serien\/Salsa-I.JPG, https:\/\/www.marina-anton.art\/wp-content\/gallery\/serien\/cache\/Salsa-I.JPG-nggid0260-ngg0dyn-1580x2400x100-00f0w010c010r110f110r010t010.JPG 2x\" onerror=\"nggRetryFailedImage(this);\"\/>\n<\/picture>            <\/a>\n                        <a href=\"https:\/\/www.marina-anton.art\/wp-content\/gallery\/serien\/Salsa-II.JPG\"\n               title=\"80 x 40 cm &lt;br \/&gt;   Acryl und Kohle\"\n               data-src=\"https:\/\/www.marina-anton.art\/wp-content\/gallery\/serien\/Salsa-II.JPG\"\n               data-thumbnail=\"https:\/\/www.marina-anton.art\/wp-content\/gallery\/serien\/thumbs\/thumbs_Salsa-II.JPG\"\n               data-image-id=\"62\"\n               data-title=\"&lt;font size=&quot;+1.8&quot; color=&quot;#000000&quot;&gt;Salsa II&lt;\/font&gt;\"\n               data-description=\"80 x 40 cm &lt;br \/&gt;   Acryl und Kohle\"\n                class=\"ngg-simplelightbox\" rel=\"2afbad0933b111a1da0f70745d4ced1f\">\n                <picture>\n\t\n<source srcset='https:\/\/www.marina-anton.art\/wp-content\/gallery\/serien\/Salsa-II.JPG, https:\/\/www.marina-anton.art\/wp-content\/gallery\/serien\/cache\/Salsa-II.JPG-nggid0262-ngg0dyn-1192x2400x100-00f0w010c010r110f110r010t010.JPG 2x' media=''>\n<img title=\"&lt;font size=&quot;+1.8&quot; color=&quot;#000000&quot;&gt;Salsa II&lt;\/font&gt;\" alt=\"&lt;font size=&quot;+1.8&quot; color=&quot;#000000&quot;&gt;Salsa II&lt;\/font&gt;\" width=\"596\" height=\"1200\" style=\"max-width:596px;max-height:1200px\" src=\"https:\/\/www.marina-anton.art\/wp-content\/gallery\/serien\/Salsa-II.JPG\" srcset=\"https:\/\/www.marina-anton.art\/wp-content\/gallery\/serien\/Salsa-II.JPG, https:\/\/www.marina-anton.art\/wp-content\/gallery\/serien\/cache\/Salsa-II.JPG-nggid0262-ngg0dyn-1192x2400x100-00f0w010c010r110f110r010t010.JPG 2x\" onerror=\"nggRetryFailedImage(this);\"\/>\n<\/picture>            <\/a>\n                        <a href=\"https:\/\/www.marina-anton.art\/wp-content\/gallery\/serien\/Umbra-1.JPG\"\n               title=\"80 x 60 cm &lt;br \/&gt;    &Ouml;l\"\n               data-src=\"https:\/\/www.marina-anton.art\/wp-content\/gallery\/serien\/Umbra-1.JPG\"\n               data-thumbnail=\"https:\/\/www.marina-anton.art\/wp-content\/gallery\/serien\/thumbs\/thumbs_Umbra-1.JPG\"\n               data-image-id=\"69\"\n               data-title=\"&lt;font size=&quot;+1.8&quot; color=&quot;#000000&quot;&gt;Umbra 1&lt;\/font&gt;\"\n               data-description=\"80 x 60 cm &lt;br \/&gt;    \u00d6l\"\n                class=\"ngg-simplelightbox\" rel=\"2afbad0933b111a1da0f70745d4ced1f\">\n                <picture>\n\t\n<source srcset='https:\/\/www.marina-anton.art\/wp-content\/gallery\/serien\/Umbra-1.JPG, https:\/\/www.marina-anton.art\/wp-content\/gallery\/serien\/cache\/Umbra-1.JPG-nggid0269-ngg0dyn-1758x2400x100-00f0w010c010r110f110r010t010.JPG 2x' media=''>\n<img title=\"&lt;font size=&quot;+1.8&quot; color=&quot;#000000&quot;&gt;Umbra 1&lt;\/font&gt;\" alt=\"&lt;font size=&quot;+1.8&quot; color=&quot;#000000&quot;&gt;Umbra 1&lt;\/font&gt;\" width=\"879\" height=\"1200\" style=\"max-width:879px;max-height:1200px\" src=\"https:\/\/www.marina-anton.art\/wp-content\/gallery\/serien\/Umbra-1.JPG\" srcset=\"https:\/\/www.marina-anton.art\/wp-content\/gallery\/serien\/Umbra-1.JPG, https:\/\/www.marina-anton.art\/wp-content\/gallery\/serien\/cache\/Umbra-1.JPG-nggid0269-ngg0dyn-1758x2400x100-00f0w010c010r110f110r010t010.JPG 2x\" onerror=\"nggRetryFailedImage(this);\"\/>\n<\/picture>            <\/a>\n                        <a href=\"https:\/\/www.marina-anton.art\/wp-content\/gallery\/serien\/Salsa-III.JPG\"\n               title=\"80 x 40 cm  &lt;br \/&gt;  Acryl und Kohle\"\n               data-src=\"https:\/\/www.marina-anton.art\/wp-content\/gallery\/serien\/Salsa-III.JPG\"\n               data-thumbnail=\"https:\/\/www.marina-anton.art\/wp-content\/gallery\/serien\/thumbs\/thumbs_Salsa-III.JPG\"\n               data-image-id=\"65\"\n               data-title=\"&lt;font size=&quot;+1.8&quot; color=&quot;#000000&quot;&gt;Salsa III&lt;\/font&gt;\"\n               data-description=\"80 x 40 cm  &lt;br \/&gt;  Acryl und Kohle\"\n                class=\"ngg-simplelightbox\" rel=\"2afbad0933b111a1da0f70745d4ced1f\">\n                <picture>\n\t\n<source srcset='https:\/\/www.marina-anton.art\/wp-content\/gallery\/serien\/Salsa-III.JPG, https:\/\/www.marina-anton.art\/wp-content\/gallery\/serien\/cache\/Salsa-III.JPG-nggid0265-ngg0dyn-1182x2400x100-00f0w010c010r110f110r010t010.JPG 2x' media=''>\n<img title=\"&lt;font size=&quot;+1.8&quot; color=&quot;#000000&quot;&gt;Salsa III&lt;\/font&gt;\" alt=\"&lt;font size=&quot;+1.8&quot; color=&quot;#000000&quot;&gt;Salsa III&lt;\/font&gt;\" width=\"591\" height=\"1200\" style=\"max-width:591px;max-height:1200px\" src=\"https:\/\/www.marina-anton.art\/wp-content\/gallery\/serien\/Salsa-III.JPG\" srcset=\"https:\/\/www.marina-anton.art\/wp-content\/gallery\/serien\/Salsa-III.JPG, https:\/\/www.marina-anton.art\/wp-content\/gallery\/serien\/cache\/Salsa-III.JPG-nggid0265-ngg0dyn-1182x2400x100-00f0w010c010r110f110r010t010.JPG 2x\" onerror=\"nggRetryFailedImage(this);\"\/>\n<\/picture>            <\/a>\n                        <a href=\"https:\/\/www.marina-anton.art\/wp-content\/gallery\/serien\/Umbra-2.JPG\"\n               title=\"40 x 50 cm &lt;br \/&gt;    &Ouml;l\"\n               data-src=\"https:\/\/www.marina-anton.art\/wp-content\/gallery\/serien\/Umbra-2.JPG\"\n               data-thumbnail=\"https:\/\/www.marina-anton.art\/wp-content\/gallery\/serien\/thumbs\/thumbs_Umbra-2.JPG\"\n               data-image-id=\"66\"\n               data-title=\"&lt;font size=&quot;+1.8&quot; color=&quot;#000000&quot;&gt;Umbra 2&lt;\/font&gt;\"\n               data-description=\"40 x 50 cm &lt;br \/&gt;    \u00d6l\"\n                class=\"ngg-simplelightbox\" rel=\"2afbad0933b111a1da0f70745d4ced1f\">\n                <picture>\n\t\n<source srcset='https:\/\/www.marina-anton.art\/wp-content\/gallery\/serien\/Umbra-2.JPG, https:\/\/www.marina-anton.art\/wp-content\/gallery\/serien\/cache\/Umbra-2.JPG-nggid0266-ngg0dyn-2940x2400x100-00f0w010c010r110f110r010t010.JPG 2x' media=''>\n<img title=\"&lt;font size=&quot;+1.8&quot; color=&quot;#000000&quot;&gt;Umbra 2&lt;\/font&gt;\" alt=\"&lt;font size=&quot;+1.8&quot; color=&quot;#000000&quot;&gt;Umbra 2&lt;\/font&gt;\" width=\"1470\" height=\"1200\" style=\"max-width:1470px;max-height:1200px\" src=\"https:\/\/www.marina-anton.art\/wp-content\/gallery\/serien\/Umbra-2.JPG\" srcset=\"https:\/\/www.marina-anton.art\/wp-content\/gallery\/serien\/Umbra-2.JPG, https:\/\/www.marina-anton.art\/wp-content\/gallery\/serien\/cache\/Umbra-2.JPG-nggid0266-ngg0dyn-2940x2400x100-00f0w010c010r110f110r010t010.JPG 2x\" onerror=\"nggRetryFailedImage(this);\"\/>\n<\/picture>            <\/a>\n                        <a href=\"https:\/\/www.marina-anton.art\/wp-content\/gallery\/serien\/Umbra-3.JPG\"\n               title=\"40 x 50 cm  &lt;br \/&gt;   &Ouml;l\"\n               data-src=\"https:\/\/www.marina-anton.art\/wp-content\/gallery\/serien\/Umbra-3.JPG\"\n               data-thumbnail=\"https:\/\/www.marina-anton.art\/wp-content\/gallery\/serien\/thumbs\/thumbs_Umbra-3.JPG\"\n               data-image-id=\"67\"\n               data-title=\"&lt;font size=&quot;+1.8&quot; color=&quot;#000000&quot;&gt;Umbra 3&lt;\/font&gt;\"\n               data-description=\"40 x 50 cm  &lt;br \/&gt;   \u00d6l\"\n                class=\"ngg-simplelightbox\" rel=\"2afbad0933b111a1da0f70745d4ced1f\">\n                <picture>\n\t\n<source srcset='https:\/\/www.marina-anton.art\/wp-content\/gallery\/serien\/Umbra-3.JPG, https:\/\/www.marina-anton.art\/wp-content\/gallery\/serien\/cache\/Umbra-3.JPG-nggid0267-ngg0dyn-3012x2400x100-00f0w010c010r110f110r010t010.JPG 2x' media=''>\n<img title=\"&lt;font size=&quot;+1.8&quot; color=&quot;#000000&quot;&gt;Umbra 3&lt;\/font&gt;\" alt=\"&lt;font size=&quot;+1.8&quot; color=&quot;#000000&quot;&gt;Umbra 3&lt;\/font&gt;\" width=\"1506\" height=\"1200\" style=\"max-width:1506px;max-height:1200px\" src=\"https:\/\/www.marina-anton.art\/wp-content\/gallery\/serien\/Umbra-3.JPG\" srcset=\"https:\/\/www.marina-anton.art\/wp-content\/gallery\/serien\/Umbra-3.JPG, https:\/\/www.marina-anton.art\/wp-content\/gallery\/serien\/cache\/Umbra-3.JPG-nggid0267-ngg0dyn-3012x2400x100-00f0w010c010r110f110r010t010.JPG 2x\" onerror=\"nggRetryFailedImage(this);\"\/>\n<\/picture>            <\/a>\n                        <a href=\"https:\/\/www.marina-anton.art\/wp-content\/gallery\/serien\/Umbra-4.JPG\"\n               title=\"40 x 50 cm    \u00d6l\"\n               data-src=\"https:\/\/www.marina-anton.art\/wp-content\/gallery\/serien\/Umbra-4.JPG\"\n               data-thumbnail=\"https:\/\/www.marina-anton.art\/wp-content\/gallery\/serien\/thumbs\/thumbs_Umbra-4.JPG\"\n               data-image-id=\"61\"\n               data-title=\"&lt;font size=&quot;+1.8&quot; color=&quot;#000000&quot;&gt;Umbra 4&lt;\/font&gt;\"\n               data-description=\"40 x 50 cm    \u00d6l\"\n                class=\"ngg-simplelightbox\" rel=\"2afbad0933b111a1da0f70745d4ced1f\">\n                <picture>\n\t\n<source srcset='https:\/\/www.marina-anton.art\/wp-content\/gallery\/serien\/Umbra-4.JPG, https:\/\/www.marina-anton.art\/wp-content\/gallery\/serien\/cache\/Umbra-4.JPG-nggid0261-ngg0dyn-2970x2370x100-00f0w010c010r110f110r010t010.JPG 2x' media=''>\n<img title=\"&lt;font size=&quot;+1.8&quot; color=&quot;#000000&quot;&gt;Umbra 4&lt;\/font&gt;\" alt=\"&lt;font size=&quot;+1.8&quot; color=&quot;#000000&quot;&gt;Umbra 4&lt;\/font&gt;\" width=\"1504\" height=\"1200\" style=\"max-width:1504px;max-height:1200px\" src=\"https:\/\/www.marina-anton.art\/wp-content\/gallery\/serien\/Umbra-4.JPG\" srcset=\"https:\/\/www.marina-anton.art\/wp-content\/gallery\/serien\/Umbra-4.JPG, https:\/\/www.marina-anton.art\/wp-content\/gallery\/serien\/cache\/Umbra-4.JPG-nggid0261-ngg0dyn-2970x2370x100-00f0w010c010r110f110r010t010.JPG 2x\" onerror=\"nggRetryFailedImage(this);\"\/>\n<\/picture>            <\/a>\n                        <a href=\"https:\/\/www.marina-anton.art\/wp-content\/gallery\/serien\/Umbra-V.JPG\"\n               title=\"40 x 50 cm  &lt;br \/&gt;   &Ouml;l\"\n               data-src=\"https:\/\/www.marina-anton.art\/wp-content\/gallery\/serien\/Umbra-V.JPG\"\n               data-thumbnail=\"https:\/\/www.marina-anton.art\/wp-content\/gallery\/serien\/thumbs\/thumbs_Umbra-V.JPG\"\n               data-image-id=\"72\"\n               data-title=\"&lt;font size=&quot;+1.8&quot; color=&quot;#000000&quot;&gt;Umbra V&lt;\/font&gt;\"\n               data-description=\"40 x 50 cm  &lt;br \/&gt;   \u00d6l\"\n                class=\"ngg-simplelightbox\" rel=\"2afbad0933b111a1da0f70745d4ced1f\">\n                <picture>\n\t\n<source srcset='https:\/\/www.marina-anton.art\/wp-content\/gallery\/serien\/Umbra-V.JPG, https:\/\/www.marina-anton.art\/wp-content\/gallery\/serien\/cache\/Umbra-V.JPG-nggid0272-ngg0dyn-3444x2188x100-00f0w010c010r110f110r010t010.JPG 2x' media=''>\n<img title=\"&lt;font size=&quot;+1.8&quot; color=&quot;#000000&quot;&gt;Umbra V&lt;\/font&gt;\" alt=\"&lt;font size=&quot;+1.8&quot; color=&quot;#000000&quot;&gt;Umbra V&lt;\/font&gt;\" width=\"1800\" height=\"1144\" style=\"max-width:1800px;max-height:1144px\" src=\"https:\/\/www.marina-anton.art\/wp-content\/gallery\/serien\/Umbra-V.JPG\" srcset=\"https:\/\/www.marina-anton.art\/wp-content\/gallery\/serien\/Umbra-V.JPG, https:\/\/www.marina-anton.art\/wp-content\/gallery\/serien\/cache\/Umbra-V.JPG-nggid0272-ngg0dyn-3444x2188x100-00f0w010c010r110f110r010t010.JPG 2x\" onerror=\"nggRetryFailedImage(this);\"\/>\n<\/picture>            <\/a>\n                        <a href=\"https:\/\/www.marina-anton.art\/wp-content\/gallery\/serien\/Kollektiv-I.JPG\"\n               title=\"40 x 80 cm &lt;br \/&gt;  Acryl\"\n               data-src=\"https:\/\/www.marina-anton.art\/wp-content\/gallery\/serien\/Kollektiv-I.JPG\"\n               data-thumbnail=\"https:\/\/www.marina-anton.art\/wp-content\/gallery\/serien\/thumbs\/thumbs_Kollektiv-I.JPG\"\n               data-image-id=\"71\"\n               data-title=\"&lt;font size=&quot;+1.8&quot; color=&quot;#000000&quot;&gt;Kollektiv I&lt;\/font&gt;\"\n               data-description=\"40 x 80 cm &lt;br \/&gt;  Acryl\"\n                class=\"ngg-simplelightbox\" rel=\"2afbad0933b111a1da0f70745d4ced1f\">\n                <picture>\n\t\n<source srcset='https:\/\/www.marina-anton.art\/wp-content\/gallery\/serien\/Kollektiv-I.JPG, https:\/\/www.marina-anton.art\/wp-content\/gallery\/serien\/cache\/Kollektiv-I.JPG-nggid0271-ngg0dyn-3600x1794x100-00f0w010c010r110f110r010t010.JPG 2x' media=''>\n<img title=\"&lt;font size=&quot;+1.8&quot; color=&quot;#000000&quot;&gt;Kollektiv I&lt;\/font&gt;\" alt=\"&lt;font size=&quot;+1.8&quot; color=&quot;#000000&quot;&gt;Kollektiv I&lt;\/font&gt;\" width=\"1800\" height=\"897\" style=\"max-width:1800px;max-height:897px\" src=\"https:\/\/www.marina-anton.art\/wp-content\/gallery\/serien\/Kollektiv-I.JPG\" srcset=\"https:\/\/www.marina-anton.art\/wp-content\/gallery\/serien\/Kollektiv-I.JPG, https:\/\/www.marina-anton.art\/wp-content\/gallery\/serien\/cache\/Kollektiv-I.JPG-nggid0271-ngg0dyn-3600x1794x100-00f0w010c010r110f110r010t010.JPG 2x\" onerror=\"nggRetryFailedImage(this);\"\/>\n<\/picture>            <\/a>\n                        <a href=\"https:\/\/www.marina-anton.art\/wp-content\/gallery\/serien\/Kollektiv-II.JPG\"\n               title=\"60 x 40 cm  &lt;br \/&gt;   Acryl\"\n               data-src=\"https:\/\/www.marina-anton.art\/wp-content\/gallery\/serien\/Kollektiv-II.JPG\"\n               data-thumbnail=\"https:\/\/www.marina-anton.art\/wp-content\/gallery\/serien\/thumbs\/thumbs_Kollektiv-II.JPG\"\n               data-image-id=\"70\"\n               data-title=\"&lt;font size=&quot;+1.8&quot; color=&quot;#000000&quot;&gt;Kollektiv II&lt;\/font&gt;\"\n               data-description=\"60 x 40 cm  &lt;br \/&gt;   Acryl\"\n                class=\"ngg-simplelightbox\" rel=\"2afbad0933b111a1da0f70745d4ced1f\">\n                <picture>\n\t\n<source srcset='https:\/\/www.marina-anton.art\/wp-content\/gallery\/serien\/Kollektiv-II.JPG, https:\/\/www.marina-anton.art\/wp-content\/gallery\/serien\/cache\/Kollektiv-II.JPG-nggid0270-ngg0dyn-1568x2400x100-00f0w010c010r110f110r010t010.JPG 2x' media=''>\n<img title=\"&lt;font size=&quot;+1.8&quot; color=&quot;#000000&quot;&gt;Kollektiv II&lt;\/font&gt;\" alt=\"&lt;font size=&quot;+1.8&quot; color=&quot;#000000&quot;&gt;Kollektiv II&lt;\/font&gt;\" width=\"784\" height=\"1200\" style=\"max-width:784px;max-height:1200px\" src=\"https:\/\/www.marina-anton.art\/wp-content\/gallery\/serien\/Kollektiv-II.JPG\" srcset=\"https:\/\/www.marina-anton.art\/wp-content\/gallery\/serien\/Kollektiv-II.JPG, https:\/\/www.marina-anton.art\/wp-content\/gallery\/serien\/cache\/Kollektiv-II.JPG-nggid0270-ngg0dyn-1568x2400x100-00f0w010c010r110f110r010t010.JPG 2x\" onerror=\"nggRetryFailedImage(this);\"\/>\n<\/picture>            <\/a>\n                <\/div>\n<\/div>\n\n<\/div>\n\n\n\n<div class=\"wp-block-column is-layout-flow wp-block-column-is-layout-flow\" style=\"flex-basis:33.33%\">\n<div style=\"height:126px\" aria-hidden=\"true\" class=\"wp-block-spacer\"><\/div>\n\n\n\n<blockquote class=\"wp-block-quote\">\n<div style=\"height:100px\" aria-hidden=\"true\" class=\"wp-block-spacer\"><\/div>\n\n\n\n<p class=\"has-text-align-center\">In the series, mostly small series, there are different motifs, which are mostly abstracted or abstractly realized.<\/p>\n\n\n\n<p class=\"has-text-align-center\"><br>Techniques: mixed media, oil, acrylic<\/p>\n<\/blockquote>\n<\/div>\n<\/div>\n<\/div>\n\n\n\n<div style=\"height:0px\" aria-hidden=\"true\" class=\"wp-block-spacer wp-container-content-5\"><\/div>\n<\/div>","protected":false},"excerpt":{"rendered":"<p>Serien In den Serien, meist Kleinserien, finden sich unterschiedliche Motive, die gr\u00f6\u00dftenteils abstrahiert oder abstrakt umgesetzt werden. Techniken: mixed media, \u00d6l, Acryl<\/p>","protected":false},"author":1,"featured_media":0,"parent":0,"menu_order":0,"comment_status":"closed","ping_status":"closed","template":"","meta":{"ngg_post_thumbnail":0,"footnotes":""},"_links":{"self":[{"href":"https:\/\/www.marina-anton.art\/en\/wp-json\/wp\/v2\/pages\/508"}],"collection":[{"href":"https:\/\/www.marina-anton.art\/en\/wp-json\/wp\/v2\/pages"}],"about":[{"href":"https:\/\/www.marina-anton.art\/en\/wp-json\/wp\/v2\/types\/page"}],"author":[{"embeddable":true,"href":"https:\/\/www.marina-anton.art\/en\/wp-json\/wp\/v2\/users\/1"}],"replies":[{"embeddable":true,"href":"https:\/\/www.marina-anton.art\/en\/wp-json\/wp\/v2\/comments?post=508"}],"version-history":[{"count":7,"href":"https:\/\/www.marina-anton.art\/en\/wp-json\/wp\/v2\/pages\/508\/revisions"}],"predecessor-version":[{"id":742,"href":"https:\/\/www.marina-anton.art\/en\/wp-json\/wp\/v2\/pages\/508\/revisions\/742"}],"wp:attachment":[{"href":"https:\/\/www.marina-anton.art\/en\/wp-json\/wp\/v2\/media?parent=508"}],"curies":[{"name":"wp","href":"https:\/\/api.w.org\/{rel}","templated":true}]}}