{"id":506,"date":"2023-10-12T12:11:06","date_gmt":"2023-10-12T12:11:06","guid":{"rendered":"https:\/\/www.marina-anton.art\/?page_id=506"},"modified":"2023-11-05T09:39:20","modified_gmt":"2023-11-05T09:39:20","slug":"realistische-malerei","status":"publish","type":"page","link":"https:\/\/www.marina-anton.art\/en\/realistische-malerei\/","title":{"rendered":""},"content":{"rendered":"<div class=\"wp-block-group alignfull has-background is-vertical is-content-justification-left is-layout-flex wp-container-6 wp-block-group-is-layout-flex\" style=\"background-color:#e8e8e8\">\n<h1 class=\"wp-block-heading alignfull has-text-align-right has-black-color has-text-color\">Realistic Paintings<\/h1>\n\n\n\n<hr class=\"wp-block-separator has-alpha-channel-opacity is-style-wide\"\/>\n\n\n\n<div class=\"wp-block-group is-nowrap is-layout-flex wp-container-4 wp-block-group-is-layout-flex\">\n<div class=\"wp-block-columns is-layout-flex wp-container-3 wp-block-columns-is-layout-flex\">\n<div class=\"wp-block-column is-layout-flow wp-block-column-is-layout-flow\" style=\"flex-basis:66.66%\">\n<div class=\"ngg-galleria-parent nextgen_pro_horizontal_filmstrip\"\n     data-id=\"c11e1fc0208b524da177bac6cff056fb\"\n     id=\"displayed_gallery_c11e1fc0208b524da177bac6cff056fb\">\n\t<div class=\"ngg-galleria\"><\/div>\n\n    <div class=\"ngg-galleria-offscreen-seo-wrapper\">\n                    <a href=\"https:\/\/www.marina-anton.art\/wp-content\/gallery\/realistische-malerei\/Made-for-walking.jpg\"\n               title=\"70 x 50 cm    &lt;br \/&gt;  Acryl\"\n               data-src=\"https:\/\/www.marina-anton.art\/wp-content\/gallery\/realistische-malerei\/Made-for-walking.jpg\"\n               data-thumbnail=\"https:\/\/www.marina-anton.art\/wp-content\/gallery\/realistische-malerei\/thumbs\/thumbs_Made-for-walking.jpg\"\n               data-image-id=\"40\"\n               data-title=\"&lt;font size=&quot;+1.8&quot; color=&quot;#000000&quot;&gt;Made for walking&lt;\/font&gt;\"\n               data-description=\"70 x 50 cm    &lt;br \/&gt;  Acryl\"\n                class=\"ngg-simplelightbox\" rel=\"c11e1fc0208b524da177bac6cff056fb\">\n                <picture>\n\t\n<source srcset='https:\/\/www.marina-anton.art\/wp-content\/gallery\/realistische-malerei\/Made-for-walking.jpg, https:\/\/www.marina-anton.art\/wp-content\/gallery\/realistische-malerei\/cache\/Made-for-walking.jpg-nggid0240-ngg0dyn-1728x2400x100-00f0w010c010r110f110r010t010.jpg 2x' media=''>\n<img title=\"&lt;font size=&quot;+1.8&quot; color=&quot;#000000&quot;&gt;Made for walking&lt;\/font&gt;\" alt=\"&lt;font size=&quot;+1.8&quot; color=&quot;#000000&quot;&gt;Made for walking&lt;\/font&gt;\" width=\"864\" height=\"1200\" style=\"max-width:864px;max-height:1200px\" src=\"https:\/\/www.marina-anton.art\/wp-content\/gallery\/realistische-malerei\/Made-for-walking.jpg\" srcset=\"https:\/\/www.marina-anton.art\/wp-content\/gallery\/realistische-malerei\/Made-for-walking.jpg, https:\/\/www.marina-anton.art\/wp-content\/gallery\/realistische-malerei\/cache\/Made-for-walking.jpg-nggid0240-ngg0dyn-1728x2400x100-00f0w010c010r110f110r010t010.jpg 2x\" onerror=\"nggRetryFailedImage(this);\"\/>\n<\/picture>            <\/a>\n                        <a href=\"https:\/\/www.marina-anton.art\/wp-content\/gallery\/realistische-malerei\/Walk-the-line.JPG\"\n               title=\"50 x 70 cm   &lt;br \/&gt;   Acryl\"\n               data-src=\"https:\/\/www.marina-anton.art\/wp-content\/gallery\/realistische-malerei\/Walk-the-line.JPG\"\n               data-thumbnail=\"https:\/\/www.marina-anton.art\/wp-content\/gallery\/realistische-malerei\/thumbs\/thumbs_Walk-the-line.JPG\"\n               data-image-id=\"41\"\n               data-title=\"&lt;font size=&quot;+1.8&quot; color=&quot;#000000&quot;&gt;Walk the line&lt;\/font&gt;\"\n               data-description=\"50 x 70 cm   &lt;br \/&gt;   Acryl\"\n                class=\"ngg-simplelightbox\" rel=\"c11e1fc0208b524da177bac6cff056fb\">\n                <picture>\n\t\n<source srcset='https:\/\/www.marina-anton.art\/wp-content\/gallery\/realistische-malerei\/Walk-the-line.JPG, https:\/\/www.marina-anton.art\/wp-content\/gallery\/realistische-malerei\/cache\/Walk-the-line.JPG-nggid0241-ngg0dyn-3264x2322x100-00f0w010c010r110f110r010t010.JPG 2x' media=''>\n<img title=\"&lt;font size=&quot;+1.8&quot; color=&quot;#000000&quot;&gt;Walk the line&lt;\/font&gt;\" alt=\"&lt;font size=&quot;+1.8&quot; color=&quot;#000000&quot;&gt;Walk the line&lt;\/font&gt;\" width=\"1687\" height=\"1200\" style=\"max-width:1687px;max-height:1200px\" src=\"https:\/\/www.marina-anton.art\/wp-content\/gallery\/realistische-malerei\/Walk-the-line.JPG\" srcset=\"https:\/\/www.marina-anton.art\/wp-content\/gallery\/realistische-malerei\/Walk-the-line.JPG, https:\/\/www.marina-anton.art\/wp-content\/gallery\/realistische-malerei\/cache\/Walk-the-line.JPG-nggid0241-ngg0dyn-3264x2322x100-00f0w010c010r110f110r010t010.JPG 2x\" onerror=\"nggRetryFailedImage(this);\"\/>\n<\/picture>            <\/a>\n                        <a href=\"https:\/\/www.marina-anton.art\/wp-content\/gallery\/realistische-malerei\/Tulpe.JPG\"\n               title=\"70 x 100 cm   &lt;br \/&gt;    &Ouml;l\"\n               data-src=\"https:\/\/www.marina-anton.art\/wp-content\/gallery\/realistische-malerei\/Tulpe.JPG\"\n               data-thumbnail=\"https:\/\/www.marina-anton.art\/wp-content\/gallery\/realistische-malerei\/thumbs\/thumbs_Tulpe.JPG\"\n               data-image-id=\"42\"\n               data-title=\"&lt;font size=&quot;+1.8&quot; color=&quot;#000000&quot;&gt;Tulpe&lt;\/font&gt;\"\n               data-description=\"70 x 100 cm   &lt;br \/&gt;    \u00d6l\"\n                class=\"ngg-simplelightbox\" rel=\"c11e1fc0208b524da177bac6cff056fb\">\n                <picture>\n\t\n<source srcset='https:\/\/www.marina-anton.art\/wp-content\/gallery\/realistische-malerei\/Tulpe.JPG, https:\/\/www.marina-anton.art\/wp-content\/gallery\/realistische-malerei\/cache\/Tulpe.JPG-nggid0242-ngg0dyn-3597x2227x100-00f0w010c010r110f110r010t010.JPG 2x' media=''>\n<img title=\"&lt;font size=&quot;+1.8&quot; color=&quot;#000000&quot;&gt;Tulpe&lt;\/font&gt;\" alt=\"&lt;font size=&quot;+1.8&quot; color=&quot;#000000&quot;&gt;Tulpe&lt;\/font&gt;\" width=\"1800\" height=\"1114\" style=\"max-width:1800px;max-height:1114px\" src=\"https:\/\/www.marina-anton.art\/wp-content\/gallery\/realistische-malerei\/Tulpe.JPG\" srcset=\"https:\/\/www.marina-anton.art\/wp-content\/gallery\/realistische-malerei\/Tulpe.JPG, https:\/\/www.marina-anton.art\/wp-content\/gallery\/realistische-malerei\/cache\/Tulpe.JPG-nggid0242-ngg0dyn-3597x2227x100-00f0w010c010r110f110r010t010.JPG 2x\" onerror=\"nggRetryFailedImage(this);\"\/>\n<\/picture>            <\/a>\n                        <a href=\"https:\/\/www.marina-anton.art\/wp-content\/gallery\/realistische-malerei\/Blumenwiese.JPG\"\n               title=\"60 x 50 cm   &lt;br \/&gt;     &Ouml;l\"\n               data-src=\"https:\/\/www.marina-anton.art\/wp-content\/gallery\/realistische-malerei\/Blumenwiese.JPG\"\n               data-thumbnail=\"https:\/\/www.marina-anton.art\/wp-content\/gallery\/realistische-malerei\/thumbs\/thumbs_Blumenwiese.JPG\"\n               data-image-id=\"43\"\n               data-title=\"&lt;font size=&quot;+1.8&quot; color=&quot;#000000&quot;&gt;Blumenwiese&lt;\/font&gt;\"\n               data-description=\"60 x 50 cm   &lt;br \/&gt;     \u00d6l\"\n                class=\"ngg-simplelightbox\" rel=\"c11e1fc0208b524da177bac6cff056fb\">\n                <picture>\n\t\n<source srcset='https:\/\/www.marina-anton.art\/wp-content\/gallery\/realistische-malerei\/Blumenwiese.JPG, https:\/\/www.marina-anton.art\/wp-content\/gallery\/realistische-malerei\/cache\/Blumenwiese.JPG-nggid0243-ngg0dyn-1988x2400x100-00f0w010c010r110f110r010t010.JPG 2x' media=''>\n<img title=\"&lt;font size=&quot;+1.8&quot; color=&quot;#000000&quot;&gt;Blumenwiese&lt;\/font&gt;\" alt=\"&lt;font size=&quot;+1.8&quot; color=&quot;#000000&quot;&gt;Blumenwiese&lt;\/font&gt;\" width=\"994\" height=\"1200\" style=\"max-width:994px;max-height:1200px\" src=\"https:\/\/www.marina-anton.art\/wp-content\/gallery\/realistische-malerei\/Blumenwiese.JPG\" srcset=\"https:\/\/www.marina-anton.art\/wp-content\/gallery\/realistische-malerei\/Blumenwiese.JPG, https:\/\/www.marina-anton.art\/wp-content\/gallery\/realistische-malerei\/cache\/Blumenwiese.JPG-nggid0243-ngg0dyn-1988x2400x100-00f0w010c010r110f110r010t010.JPG 2x\" onerror=\"nggRetryFailedImage(this);\"\/>\n<\/picture>            <\/a>\n                        <a href=\"https:\/\/www.marina-anton.art\/wp-content\/gallery\/realistische-malerei\/Handbags-what-else.JPG\"\n               title=\"80 x 100 cm     &lt;br \/&gt;  Acryl\"\n               data-src=\"https:\/\/www.marina-anton.art\/wp-content\/gallery\/realistische-malerei\/Handbags-what-else.JPG\"\n               data-thumbnail=\"https:\/\/www.marina-anton.art\/wp-content\/gallery\/realistische-malerei\/thumbs\/thumbs_Handbags-what-else.JPG\"\n               data-image-id=\"44\"\n               data-title=\"&lt;font size=&quot;+1.8&quot; color=&quot;#000000&quot;&gt;Handbags, what else&lt;\/font&gt;\"\n               data-description=\"80 x 100 cm     &lt;br \/&gt;  Acryl\"\n                class=\"ngg-simplelightbox\" rel=\"c11e1fc0208b524da177bac6cff056fb\">\n                <picture>\n\t\n<source srcset='https:\/\/www.marina-anton.art\/wp-content\/gallery\/realistische-malerei\/Handbags-what-else.JPG, https:\/\/www.marina-anton.art\/wp-content\/gallery\/realistische-malerei\/cache\/Handbags-what-else.JPG-nggid0244-ngg0dyn-3200x2400x100-00f0w010c010r110f110r010t010.JPG 2x' media=''>\n<img title=\"&lt;font size=&quot;+1.8&quot; color=&quot;#000000&quot;&gt;Handbags, what else&lt;\/font&gt;\" alt=\"&lt;font size=&quot;+1.8&quot; color=&quot;#000000&quot;&gt;Handbags, what else&lt;\/font&gt;\" width=\"1600\" height=\"1200\" style=\"max-width:1600px;max-height:1200px\" src=\"https:\/\/www.marina-anton.art\/wp-content\/gallery\/realistische-malerei\/Handbags-what-else.JPG\" srcset=\"https:\/\/www.marina-anton.art\/wp-content\/gallery\/realistische-malerei\/Handbags-what-else.JPG, https:\/\/www.marina-anton.art\/wp-content\/gallery\/realistische-malerei\/cache\/Handbags-what-else.JPG-nggid0244-ngg0dyn-3200x2400x100-00f0w010c010r110f110r010t010.JPG 2x\" onerror=\"nggRetryFailedImage(this);\"\/>\n<\/picture>            <\/a>\n                        <a href=\"https:\/\/www.marina-anton.art\/wp-content\/gallery\/realistische-malerei\/Sonnenblumen.JPG\"\n               title=\"60 x 80 cm    &lt;br \/&gt;    &Ouml;l\"\n               data-src=\"https:\/\/www.marina-anton.art\/wp-content\/gallery\/realistische-malerei\/Sonnenblumen.JPG\"\n               data-thumbnail=\"https:\/\/www.marina-anton.art\/wp-content\/gallery\/realistische-malerei\/thumbs\/thumbs_Sonnenblumen.JPG\"\n               data-image-id=\"45\"\n               data-title=\"&lt;font size=&quot;+1.8&quot; color=&quot;#000000&quot;&gt;Sonnenblumen&lt;\/font&gt;\"\n               data-description=\"60 x 80 cm    &lt;br \/&gt;    \u00d6l\"\n                class=\"ngg-simplelightbox\" rel=\"c11e1fc0208b524da177bac6cff056fb\">\n                <picture>\n\t\n<source srcset='https:\/\/www.marina-anton.art\/wp-content\/gallery\/realistische-malerei\/Sonnenblumen.JPG, https:\/\/www.marina-anton.art\/wp-content\/gallery\/realistische-malerei\/cache\/Sonnenblumen.JPG-nggid0245-ngg0dyn-3196x2400x100-00f0w010c010r110f110r010t010.JPG 2x' media=''>\n<img title=\"&lt;font size=&quot;+1.8&quot; color=&quot;#000000&quot;&gt;Sonnenblumen&lt;\/font&gt;\" alt=\"&lt;font size=&quot;+1.8&quot; color=&quot;#000000&quot;&gt;Sonnenblumen&lt;\/font&gt;\" width=\"1598\" height=\"1200\" style=\"max-width:1598px;max-height:1200px\" src=\"https:\/\/www.marina-anton.art\/wp-content\/gallery\/realistische-malerei\/Sonnenblumen.JPG\" srcset=\"https:\/\/www.marina-anton.art\/wp-content\/gallery\/realistische-malerei\/Sonnenblumen.JPG, https:\/\/www.marina-anton.art\/wp-content\/gallery\/realistische-malerei\/cache\/Sonnenblumen.JPG-nggid0245-ngg0dyn-3196x2400x100-00f0w010c010r110f110r010t010.JPG 2x\" onerror=\"nggRetryFailedImage(this);\"\/>\n<\/picture>            <\/a>\n                        <a href=\"https:\/\/www.marina-anton.art\/wp-content\/gallery\/realistische-malerei\/Rosen.JPG\"\n               title=\"50 x 50 cm    &lt;br \/&gt;    &Ouml;l\"\n               data-src=\"https:\/\/www.marina-anton.art\/wp-content\/gallery\/realistische-malerei\/Rosen.JPG\"\n               data-thumbnail=\"https:\/\/www.marina-anton.art\/wp-content\/gallery\/realistische-malerei\/thumbs\/thumbs_Rosen.JPG\"\n               data-image-id=\"46\"\n               data-title=\"&lt;font size=&quot;+1.8&quot; color=&quot;#000000&quot;&gt;Rosen&lt;\/font&gt;\"\n               data-description=\"50 x 50 cm    &lt;br \/&gt;    \u00d6l\"\n                class=\"ngg-simplelightbox\" rel=\"c11e1fc0208b524da177bac6cff056fb\">\n                <picture>\n\t\n<source srcset='https:\/\/www.marina-anton.art\/wp-content\/gallery\/realistische-malerei\/Rosen.JPG, https:\/\/www.marina-anton.art\/wp-content\/gallery\/realistische-malerei\/cache\/Rosen.JPG-nggid0246-ngg0dyn-2290x2400x100-00f0w010c010r110f110r010t010.JPG 2x' media=''>\n<img title=\"&lt;font size=&quot;+1.8&quot; color=&quot;#000000&quot;&gt;Rosen&lt;\/font&gt;\" alt=\"&lt;font size=&quot;+1.8&quot; color=&quot;#000000&quot;&gt;Rosen&lt;\/font&gt;\" width=\"1145\" height=\"1200\" style=\"max-width:1145px;max-height:1200px\" src=\"https:\/\/www.marina-anton.art\/wp-content\/gallery\/realistische-malerei\/Rosen.JPG\" srcset=\"https:\/\/www.marina-anton.art\/wp-content\/gallery\/realistische-malerei\/Rosen.JPG, https:\/\/www.marina-anton.art\/wp-content\/gallery\/realistische-malerei\/cache\/Rosen.JPG-nggid0246-ngg0dyn-2290x2400x100-00f0w010c010r110f110r010t010.JPG 2x\" onerror=\"nggRetryFailedImage(this);\"\/>\n<\/picture>            <\/a>\n                        <a href=\"https:\/\/www.marina-anton.art\/wp-content\/gallery\/realistische-malerei\/Accessories.JPG\"\n               title=\"70 x 50 cm   &lt;br \/&gt;    Acryl\"\n               data-src=\"https:\/\/www.marina-anton.art\/wp-content\/gallery\/realistische-malerei\/Accessories.JPG\"\n               data-thumbnail=\"https:\/\/www.marina-anton.art\/wp-content\/gallery\/realistische-malerei\/thumbs\/thumbs_Accessories.JPG\"\n               data-image-id=\"47\"\n               data-title=\"&lt;font size=&quot;+1.8&quot; color=&quot;#000000&quot;&gt;Accessories&lt;\/font&gt;\"\n               data-description=\"70 x 50 cm   &lt;br \/&gt;    Acryl\"\n                class=\"ngg-simplelightbox\" rel=\"c11e1fc0208b524da177bac6cff056fb\">\n                <picture>\n\t\n<source srcset='https:\/\/www.marina-anton.art\/wp-content\/gallery\/realistische-malerei\/Accessories.JPG, https:\/\/www.marina-anton.art\/wp-content\/gallery\/realistische-malerei\/cache\/Accessories.JPG-nggid0247-ngg0dyn-1744x2400x100-00f0w010c010r110f110r010t010.JPG 2x' media=''>\n<img title=\"&lt;font size=&quot;+1.8&quot; color=&quot;#000000&quot;&gt;Accessories&lt;\/font&gt;\" alt=\"&lt;font size=&quot;+1.8&quot; color=&quot;#000000&quot;&gt;Accessories&lt;\/font&gt;\" width=\"872\" height=\"1200\" style=\"max-width:872px;max-height:1200px\" src=\"https:\/\/www.marina-anton.art\/wp-content\/gallery\/realistische-malerei\/Accessories.JPG\" srcset=\"https:\/\/www.marina-anton.art\/wp-content\/gallery\/realistische-malerei\/Accessories.JPG, https:\/\/www.marina-anton.art\/wp-content\/gallery\/realistische-malerei\/cache\/Accessories.JPG-nggid0247-ngg0dyn-1744x2400x100-00f0w010c010r110f110r010t010.JPG 2x\" onerror=\"nggRetryFailedImage(this);\"\/>\n<\/picture>            <\/a>\n                        <a href=\"https:\/\/www.marina-anton.art\/wp-content\/gallery\/realistische-malerei\/Sumpflandschaft.JPG\"\n               title=\"60 x 70 cm   &lt;br \/&gt; Acryl\"\n               data-src=\"https:\/\/www.marina-anton.art\/wp-content\/gallery\/realistische-malerei\/Sumpflandschaft.JPG\"\n               data-thumbnail=\"https:\/\/www.marina-anton.art\/wp-content\/gallery\/realistische-malerei\/thumbs\/thumbs_Sumpflandschaft.JPG\"\n               data-image-id=\"48\"\n               data-title=\"&lt;font size=&quot;+1.8&quot; color=&quot;#000000&quot;&gt;Sumpflandschaft&lt;\/font&gt;\"\n               data-description=\"60 x 70 cm   &lt;br \/&gt; Acryl\"\n                class=\"ngg-simplelightbox\" rel=\"c11e1fc0208b524da177bac6cff056fb\">\n                <picture>\n\t\n<source srcset='https:\/\/www.marina-anton.art\/wp-content\/gallery\/realistische-malerei\/Sumpflandschaft.JPG, https:\/\/www.marina-anton.art\/wp-content\/gallery\/realistische-malerei\/cache\/Sumpflandschaft.JPG-nggid0248-ngg0dyn-2048x1536x100-00f0w010c010r110f110r010t010.JPG 2x' media=''>\n<img title=\"&lt;font size=&quot;+1.8&quot; color=&quot;#000000&quot;&gt;Sumpflandschaft&lt;\/font&gt;\" alt=\"&lt;font size=&quot;+1.8&quot; color=&quot;#000000&quot;&gt;Sumpflandschaft&lt;\/font&gt;\" width=\"1600\" height=\"1200\" style=\"max-width:1600px;max-height:1200px\" src=\"https:\/\/www.marina-anton.art\/wp-content\/gallery\/realistische-malerei\/Sumpflandschaft.JPG\" srcset=\"https:\/\/www.marina-anton.art\/wp-content\/gallery\/realistische-malerei\/Sumpflandschaft.JPG, https:\/\/www.marina-anton.art\/wp-content\/gallery\/realistische-malerei\/cache\/Sumpflandschaft.JPG-nggid0248-ngg0dyn-2048x1536x100-00f0w010c010r110f110r010t010.JPG 2x\" onerror=\"nggRetryFailedImage(this);\"\/>\n<\/picture>            <\/a>\n                <\/div>\n<\/div>\n\n<\/div>\n\n\n\n<div class=\"wp-block-column is-layout-flow wp-block-column-is-layout-flow\" style=\"flex-basis:33.33%\">\n<div style=\"height:86px\" aria-hidden=\"true\" class=\"wp-block-spacer\"><\/div>\n\n\n\n<blockquote class=\"wp-block-quote\">\n<p class=\"has-text-align-center\"> <span style=\"font-size: 22px\">Color moods in the surrounding nature as well as impressions from travels serve as inspiration for the realistic works.<\/span><\/p>\n\n\n\n<p class=\"has-text-align-center\"><span style=\"font-size: 22px\">Bold colors and a dynamic expression usually dominate.<\/span><\/p>\n\n\n\n<p class=\"has-text-align-center\"><span style=\"font-size: 22px\">In addition to the nature-related themes, there are also various other motifs. <\/span><\/p>\n\n\n\n<p class=\"has-text-align-center\"><span style=\"font-size: 22px\">Techniques used: oil and acrylic<\/span><\/p>\n<\/blockquote>\n<\/div>\n<\/div>\n<\/div>\n\n\n\n<div style=\"height:0px\" aria-hidden=\"true\" class=\"wp-block-spacer wp-container-content-5\"><\/div>\n<\/div>","protected":false},"excerpt":{"rendered":"<p>Realistische Malerei Farbstimmungen in der Natur der n\u00e4heren Umgebung sowie Eindr\u00fccke von Reisen dienen als Inspiration f\u00fcr die realistischen Arbeiten. Meistens dominieren kr\u00e4ftige Farben und eine dynamische Ausdrucksweise. Neben den naturbezogenen Themen finden sich auch verschiedene andere Motive. Verwendete Techniken: \u00d6l und Acryl<\/p>","protected":false},"author":1,"featured_media":0,"parent":0,"menu_order":0,"comment_status":"closed","ping_status":"closed","template":"","meta":{"ngg_post_thumbnail":0,"footnotes":""},"_links":{"self":[{"href":"https:\/\/www.marina-anton.art\/en\/wp-json\/wp\/v2\/pages\/506"}],"collection":[{"href":"https:\/\/www.marina-anton.art\/en\/wp-json\/wp\/v2\/pages"}],"about":[{"href":"https:\/\/www.marina-anton.art\/en\/wp-json\/wp\/v2\/types\/page"}],"author":[{"embeddable":true,"href":"https:\/\/www.marina-anton.art\/en\/wp-json\/wp\/v2\/users\/1"}],"replies":[{"embeddable":true,"href":"https:\/\/www.marina-anton.art\/en\/wp-json\/wp\/v2\/comments?post=506"}],"version-history":[{"count":6,"href":"https:\/\/www.marina-anton.art\/en\/wp-json\/wp\/v2\/pages\/506\/revisions"}],"predecessor-version":[{"id":743,"href":"https:\/\/www.marina-anton.art\/en\/wp-json\/wp\/v2\/pages\/506\/revisions\/743"}],"wp:attachment":[{"href":"https:\/\/www.marina-anton.art\/en\/wp-json\/wp\/v2\/media?parent=506"}],"curies":[{"name":"wp","href":"https:\/\/api.w.org\/{rel}","templated":true}]}}